{"id":4882,"date":"2025-06-03T14:41:31","date_gmt":"2025-06-03T14:41:31","guid":{"rendered":"https:\/\/menko-holding.com\/?page_id=4882"},"modified":"2025-06-10T12:49:22","modified_gmt":"2025-06-10T12:49:22","slug":"charte-de-service","status":"publish","type":"page","link":"https:\/\/menko-holding.com\/en\/charte-de-service\/","title":{"rendered":"Service charter"},"content":{"rendered":"<div data-elementor-type=\"wp-page\" data-elementor-id=\"4882\" class=\"elementor elementor-4882\">\n\t\t\t\t<div class=\"elementor-element elementor-element-8f9535f e-grid e-con-boxed e-con e-parent\" data-id=\"8f9535f\" data-element_type=\"container\">\n\t\t\t\t\t<div class=\"e-con-inner\">\n\t\t\r\n\t\t<div class=\"elementor-element elementor-element-7a8cd02 elementor-widget elementor-widget-ct_fancy_box\" data-id=\"7a8cd02\" data-element_type=\"widget\" data-widget_type=\"ct_fancy_box.default\">\n\t\t\t\t<div class=\"elementor-widget-container\">\n\t\t\t\t\t<div class=\"ct-fancy-box ct-fancy-box-layout6  style-1\" data-wow-delay=\"ms\">\r\n            <div class=\"item--icon\">\r\n            <i aria-hidden=\"true\" class=\"material zmdi zmdi-account-add\"><\/i>        <\/div>\r\n            <div class=\"item--holder\">\r\n        <h3 class=\"item--title\">\r\n            Int\u00e9grit\u00e9        <\/h3>\r\n        <div class=\"item--description\">Nous pla\u00e7ons l\u2019\u00e9thique, la transparence et le respect des engagements au c\u0153ur de toutes nos activit\u00e9s.\n<\/div>\r\n    <\/div>\r\n            <a class=\"item--link\" href=\"#\"><\/a>\r\n    <\/div>\t\t\t\t<\/div>\n\t\t\t\t<\/div>\n\t\t\t\t<div class=\"elementor-element elementor-element-e1d6572 elementor-widget elementor-widget-ct_fancy_box\" data-id=\"e1d6572\" data-element_type=\"widget\" data-widget_type=\"ct_fancy_box.default\">\n\t\t\t\t<div class=\"elementor-widget-container\">\n\t\t\t\t\t<div class=\"ct-fancy-box ct-fancy-box-layout6  style-1\" data-wow-delay=\"ms\">\r\n            <div class=\"item--icon\">\r\n            <i aria-hidden=\"true\" class=\"far fa-lightbulb\"><\/i>        <\/div>\r\n            <div class=\"item--holder\">\r\n        <h3 class=\"item--title\">\r\n            Excellence        <\/h3>\r\n        <div class=\"item--description\">Nous visons la qualit\u00e9 dans tout ce que nous entreprenons. L\u2019exigence et la rigueur sont les piliers de notre performance\n<\/div>\r\n    <\/div>\r\n            <a class=\"item--link\" href=\"#\"><\/a>\r\n    <\/div>\t\t\t\t<\/div>\n\t\t\t\t<\/div>\n\t\t\t\t<div class=\"elementor-element elementor-element-93e834e elementor-widget elementor-widget-ct_fancy_box\" data-id=\"93e834e\" data-element_type=\"widget\" data-widget_type=\"ct_fancy_box.default\">\n\t\t\t\t<div class=\"elementor-widget-container\">\n\t\t\t\t\t<div class=\"ct-fancy-box ct-fancy-box-layout6  style-1\" data-wow-delay=\"ms\">\r\n            <div class=\"item--icon\">\r\n            <i aria-hidden=\"true\" class=\"flaticon flaticon-light-bulb\"><\/i>        <\/div>\r\n            <div class=\"item--holder\">\r\n        <h3 class=\"item--title\">\r\n            Continuous        <\/h3>\r\n        <div class=\"item--description\">Nous croyons au pouvoir de la cr\u00e9ativit\u00e9 et de la technologie pour anticiper les besoins de demain et proposer des solutions novatrices.<\/div>\r\n    <\/div>\r\n            <a class=\"item--link\" href=\"#\"><\/a>\r\n    <\/div>\t\t\t\t<\/div>\n\t\t\t\t<\/div>\n\t\t\t\t\t<\/div>\n\t\t\t\t<\/div>\n\t\t<div class=\"elementor-element elementor-element-3cb33c7 e-grid e-con-boxed e-con e-parent\" data-id=\"3cb33c7\" data-element_type=\"container\">\n\t\t\t\t\t<div class=\"e-con-inner\">\n\t\t\t\t<div class=\"elementor-element elementor-element-54279b3 elementor-widget elementor-widget-ct_fancy_box\" data-id=\"54279b3\" data-element_type=\"widget\" data-widget_type=\"ct_fancy_box.default\">\n\t\t\t\t<div class=\"elementor-widget-container\">\n\t\t\t\t\t<div class=\"ct-fancy-box ct-fancy-box-layout6  style-1\" data-wow-delay=\"ms\">\r\n            <div class=\"item--icon\">\r\n            <i aria-hidden=\"true\" class=\"material zmdi zmdi-odnoklassniki\"><\/i>        <\/div>\r\n            <div class=\"item--holder\">\r\n        <h3 class=\"item--title\">\r\n            Responsabilit\u00e9        <\/h3>\r\n        <div class=\"item--description\">Conscients de notre r\u00f4le dans le d\u00e9veloppement durable, nous agissons de mani\u00e8re responsable sur les plans social, \u00e9conomique et environnemental.<\/div>\r\n    <\/div>\r\n            <a class=\"item--link\" href=\"#\"><\/a>\r\n    <\/div>\t\t\t\t<\/div>\n\t\t\t\t<\/div>\n\t\t\t\t<div class=\"elementor-element elementor-element-c820f53 elementor-widget elementor-widget-ct_fancy_box\" data-id=\"c820f53\" data-element_type=\"widget\" data-widget_type=\"ct_fancy_box.default\">\n\t\t\t\t<div class=\"elementor-widget-container\">\n\t\t\t\t\t<div class=\"ct-fancy-box ct-fancy-box-layout6  style-1\" data-wow-delay=\"ms\">\r\n            <div class=\"item--icon\">\r\n            <i aria-hidden=\"true\" class=\"material zmdi zmdi-male\"><\/i>        <\/div>\r\n            <div class=\"item--holder\">\r\n        <h3 class=\"item--title\">\r\n            Etat d&#039;esprit        <\/h3>\r\n        <div class=\"item--description\">La force de MENKO r\u00e9side dans la synergie entre ses filiales et dans la collaboration entre les femmes et les hommes qui la composent.<\/div>\r\n    <\/div>\r\n            <a class=\"item--link\" href=\"#\"><\/a>\r\n    <\/div>\t\t\t\t<\/div>\n\t\t\t\t<\/div>\n\t\t\t\t<div class=\"elementor-element elementor-element-99b76ea elementor-widget elementor-widget-ct_fancy_box\" data-id=\"99b76ea\" data-element_type=\"widget\" data-widget_type=\"ct_fancy_box.default\">\n\t\t\t\t<div class=\"elementor-widget-container\">\n\t\t\t\t\t<div class=\"ct-fancy-box ct-fancy-box-layout6  style-1\" data-wow-delay=\"ms\">\r\n            <div class=\"item--icon\">\r\n            <i aria-hidden=\"true\" class=\"far fa-handshake\"><\/i>        <\/div>\r\n            <div class=\"item--holder\">\r\n        <h3 class=\"item--title\">\r\n            Orientation client        <\/h3>\r\n        <div class=\"item--description\">Nous pla\u00e7ons nos clients au centre de nos priorit\u00e9s. Leur satisfaction guide nos actions, et nous nous engageons \u00e0 leur offrir une \u00e9coute active, des solutions adapt\u00e9es et un accompagnement personnalis\u00e9.<\/div>\r\n    <\/div>\r\n            <a class=\"item--link\" href=\"#\"><\/a>\r\n    <\/div>\t\t\t\t<\/div>\n\t\t\t\t<\/div>\n\t\t\t\t\t<\/div>\n\t\t\t\t<\/div>\n\t\t\t\t<\/div>","protected":false},"excerpt":{"rendered":"<p>Int\u00e9grit\u00e9 Nous pla\u00e7ons l\u2019\u00e9thique, la transparence et le respect des engagements au c\u0153ur de toutes nos activit\u00e9s. Excellence Nous visons la qualit\u00e9 dans tout ce que nous entreprenons. L\u2019exigence et la rigueur sont les piliers de notre performance Innovation Nous croyons au pouvoir de la cr\u00e9ativit\u00e9 et de la technologie pour anticiper les besoins de [&hellip;]<\/p>","protected":false},"author":1,"featured_media":0,"parent":0,"menu_order":0,"comment_status":"closed","ping_status":"closed","template":"","meta":{"footnotes":""},"class_list":["post-4882","page","type-page","status-publish","hentry"],"aioseo_notices":[],"_links":{"self":[{"href":"https:\/\/menko-holding.com\/en\/wp-json\/wp\/v2\/pages\/4882","targetHints":{"allow":["GET"]}}],"collection":[{"href":"https:\/\/menko-holding.com\/en\/wp-json\/wp\/v2\/pages"}],"about":[{"href":"https:\/\/menko-holding.com\/en\/wp-json\/wp\/v2\/types\/page"}],"author":[{"embeddable":true,"href":"https:\/\/menko-holding.com\/en\/wp-json\/wp\/v2\/users\/1"}],"replies":[{"embeddable":true,"href":"https:\/\/menko-holding.com\/en\/wp-json\/wp\/v2\/comments?post=4882"}],"version-history":[{"count":13,"href":"https:\/\/menko-holding.com\/en\/wp-json\/wp\/v2\/pages\/4882\/revisions"}],"predecessor-version":[{"id":5223,"href":"https:\/\/menko-holding.com\/en\/wp-json\/wp\/v2\/pages\/4882\/revisions\/5223"}],"wp:attachment":[{"href":"https:\/\/menko-holding.com\/en\/wp-json\/wp\/v2\/media?parent=4882"}],"curies":[{"name":"wp","href":"https:\/\/api.w.org\/{rel}","templated":true}]}}