{"id":4876,"date":"2025-06-03T14:40:03","date_gmt":"2025-06-03T14:40:03","guid":{"rendered":"https:\/\/menko-holding.com\/?page_id=4876"},"modified":"2025-07-28T17:21:48","modified_gmt":"2025-07-28T17:21:48","slug":"notre-histoire","status":"publish","type":"page","link":"https:\/\/menko-holding.com\/en\/notre-histoire\/","title":{"rendered":"Our History"},"content":{"rendered":"<div data-elementor-type=\"wp-page\" data-elementor-id=\"4876\" class=\"elementor elementor-4876\">\n\t\t\t\t        <section class=\"elementor-section elementor-top-section elementor-element elementor-element-01564a0 elementor-section-boxed elementor-section-height-default elementor-section-height-default ct-header-fixed-none ct-row-max-none\" data-id=\"01564a0\" data-element_type=\"section\">\n            \n                        <div class=\"elementor-container elementor-column-gap-extended\">\n                    <div class=\"elementor-column elementor-col-50 elementor-top-column elementor-element elementor-element-24545b5\" data-id=\"24545b5\" data-element_type=\"column\">\n        <div class=\"elementor-widget-wrap elementor-element-populated\">\n                    \n        \r\n\t\t<div class=\"elementor-element elementor-element-15900a0 elementor-widget elementor-widget-ct_heading\" data-id=\"15900a0\" data-element_type=\"widget\" data-widget_type=\"ct_heading.default\">\n\t\t\t\t<div class=\"elementor-widget-container\">\n\t\t\t\t\t<div id=\"ct_heading-15900a0\" class=\"ct-heading h-align- sub- ct-heading-left item-st-line-top2\">\r\n    <div class=\"ct-item--inner\">\r\n        <div class=\"ct-inline-css\" data-css=\"            \">\r\n        <\/div>\r\n                <h3 class=\"item--title st-line-top2 case-animate-time\" data-wow-delay=\"ms\">\r\n                            <div class=\"ct-heading-divider\"><span><\/span><\/div>\r\n                        <span class=\"sp-main\">\r\n                \r\n                MENKO HOLDING: Unite, Build, Innovate.\r\n                \r\n                            <\/span>\r\n                    <\/h3>\r\n    <\/div>\r\n<\/div>\t\t\t\t<\/div>\n\t\t\t\t<\/div>\n\t\t        <section class=\"elementor-section elementor-inner-section elementor-element elementor-element-85166d2 elementor-section-boxed elementor-section-height-default elementor-section-height-default ct-header-fixed-none ct-row-max-none\" data-id=\"85166d2\" data-element_type=\"section\">\n            \n                        <div class=\"elementor-container elementor-column-gap-extended\">\n                    <div class=\"elementor-column elementor-col-100 elementor-inner-column elementor-element elementor-element-790e389\" data-id=\"790e389\" data-element_type=\"column\">\n        <div class=\"elementor-widget-wrap elementor-element-populated\">\n                    \n        \t\t<div class=\"elementor-element elementor-element-4c14798 elementor-widget elementor-widget-text-editor\" data-id=\"4c14798\" data-element_type=\"widget\" data-widget_type=\"text-editor.default\">\n\t\t\t\t<div class=\"elementor-widget-container\">\n\t\t\t\t\t\t\t\t\t<p>L\u2019histoire de MENKO HOLDING est celle d\u2019une ambition visionnaire n\u00e9e de la volont\u00e9 de participer activement au d\u00e9veloppement \u00e9conomique et social de la C\u00f4te d\u2019Ivoire. Fond\u00e9e par Monsieur MENAN Adolphe Amalaman, entrepreneur ivoirien. La Holding voit le jour avec pour mission de f\u00e9d\u00e9rer des activit\u00e9s strat\u00e9giques autour de secteurs cl\u00e9s porteurs de croissance.<br \/>From the outset, MENKO HOLDING has established itself as a dynamic player in the fields of urban development, construction, agriculture and technological innovation. Thanks to a rigorous approach, performance-oriented management and a business ethic founded on transparency, the Holding has gradually built a solid group, structured around four complementary subsidiaries:<\/p>\t\t\t\t\t\t\t\t<\/div>\n\t\t\t\t<\/div>\n\t\t\t\t<div class=\"elementor-element elementor-element-f78bcd5 elementor-widget elementor-widget-ct_list\" data-id=\"f78bcd5\" data-element_type=\"widget\" data-widget_type=\"ct_list.default\">\n\t\t\t\t<div class=\"elementor-widget-container\">\n\t\t\t\t\t    <div class=\"ct-list style2 tow-column\">\r\n                    <div class=\"ct-list-item\" data-wow-delay=\"ms\">\r\n            \t<div class=\"ct-list-icon\">\r\n                                            <i class=\"fac fac-check-circle\"><\/i>\r\n                                    <\/div>\r\n            \t<div class=\"ct-list-meta\">\r\n\t            \t<div class=\"ct-list-desc\">\r\n\t            \t\t\u2060MENKO SARL : sp\u00e9cialis\u00e9e dans le lotissement et l\u2019am\u00e9nagement foncier.\t            \t<\/div>\r\n                    \t            <\/div>\r\n           <\/div>\r\n                    <div class=\"ct-list-item\" data-wow-delay=\"ms\">\r\n            \t<div class=\"ct-list-icon\">\r\n                                            <i class=\"fac fac-check-circle\"><\/i>\r\n                                    <\/div>\r\n            \t<div class=\"ct-list-meta\">\r\n\t            \t<div class=\"ct-list-desc\">\r\n\t            \t\t\u2060MENKO Building : Construction, r\u00e9novation, promotion immobili\u00e8re et travaux de voirie.\t            \t<\/div>\r\n                    \t            <\/div>\r\n           <\/div>\r\n                    <div class=\"ct-list-item\" data-wow-delay=\"ms\">\r\n            \t<div class=\"ct-list-icon\">\r\n                                            <i class=\"fac fac-check-circle\"><\/i>\r\n                                    <\/div>\r\n            \t<div class=\"ct-list-meta\">\r\n\t            \t<div class=\"ct-list-desc\">\r\n\t            \t\tMENKO Agro: dedicated to agriculture, livestock farming and the development of local natural resources.\t            \t<\/div>\r\n                    \t            <\/div>\r\n           <\/div>\r\n                    <div class=\"ct-list-item\" data-wow-delay=\"ms\">\r\n            \t<div class=\"ct-list-icon\">\r\n                                            <i class=\"fac fac-check-circle\"><\/i>\r\n                                    <\/div>\r\n            \t<div class=\"ct-list-meta\">\r\n\t            \t<div class=\"ct-list-desc\">\r\n\t            \t\tMENKO DigiTech: a technology cluster focusing on digital development, cybersecurity and innovative IT solutions.\t            \t<\/div>\r\n                    \t            <\/div>\r\n           <\/div>\r\n            <\/div>\r\n\t\t\t\t<\/div>\n\t\t\t\t<\/div>\n\t\t            <\/div>\n        <\/div>\n                    <\/div>\n        <\/section>\n                    <\/div>\n        <\/div>\n                <div class=\"elementor-column elementor-col-50 elementor-top-column elementor-element elementor-element-8c29fc0\" data-id=\"8c29fc0\" data-element_type=\"column\">\n        <div class=\"elementor-widget-wrap elementor-element-populated\">\n                    \n        \t\t<div class=\"elementor-element elementor-element-581e5fe elementor-widget elementor-widget-image\" data-id=\"581e5fe\" data-element_type=\"widget\" data-widget_type=\"image.default\">\n\t\t\t\t<div class=\"elementor-widget-container\">\n\t\t\t\t\t\t\t\t\t\t\t\t\t\t\t<img fetchpriority=\"high\" decoding=\"async\" width=\"558\" height=\"736\" src=\"https:\/\/menko-holding.com\/wp-content\/uploads\/2025\/07\/dg-site.png\" class=\"attachment-full size-full wp-image-5520\" alt=\"Menan Adolphe\" srcset=\"https:\/\/menko-holding.com\/wp-content\/uploads\/2025\/07\/dg-site.png 558w, https:\/\/menko-holding.com\/wp-content\/uploads\/2025\/07\/dg-site-227x300.png 227w, https:\/\/menko-holding.com\/wp-content\/uploads\/2025\/07\/dg-site-9x12.png 9w\" sizes=\"(max-width: 558px) 100vw, 558px\" \/>\t\t\t\t\t\t\t\t\t\t\t\t\t\t\t<\/div>\n\t\t\t\t<\/div>\n\t\t            <\/div>\n        <\/div>\n                    <\/div>\n        <\/section>\n        \t\t<\/div>","protected":false},"excerpt":{"rendered":"<p>MENKO HOLDING : F\u00e9d\u00e9rer, Construire, Innover. L\u2019histoire de MENKO HOLDING est celle d\u2019une ambition visionnaire n\u00e9e de la volont\u00e9 de participer activement au d\u00e9veloppement \u00e9conomique et social de la C\u00f4te d\u2019Ivoire. Fond\u00e9e par Monsieur MENAN Adolphe Amalaman, entrepreneur ivoirien. La Holding voit le jour avec pour mission de f\u00e9d\u00e9rer des activit\u00e9s strat\u00e9giques autour de secteurs [&hellip;]<\/p>","protected":false},"author":1,"featured_media":0,"parent":0,"menu_order":0,"comment_status":"closed","ping_status":"closed","template":"","meta":{"footnotes":""},"class_list":["post-4876","page","type-page","status-publish","hentry"],"aioseo_notices":[],"_links":{"self":[{"href":"https:\/\/menko-holding.com\/en\/wp-json\/wp\/v2\/pages\/4876","targetHints":{"allow":["GET"]}}],"collection":[{"href":"https:\/\/menko-holding.com\/en\/wp-json\/wp\/v2\/pages"}],"about":[{"href":"https:\/\/menko-holding.com\/en\/wp-json\/wp\/v2\/types\/page"}],"author":[{"embeddable":true,"href":"https:\/\/menko-holding.com\/en\/wp-json\/wp\/v2\/users\/1"}],"replies":[{"embeddable":true,"href":"https:\/\/menko-holding.com\/en\/wp-json\/wp\/v2\/comments?post=4876"}],"version-history":[{"count":55,"href":"https:\/\/menko-holding.com\/en\/wp-json\/wp\/v2\/pages\/4876\/revisions"}],"predecessor-version":[{"id":5529,"href":"https:\/\/menko-holding.com\/en\/wp-json\/wp\/v2\/pages\/4876\/revisions\/5529"}],"wp:attachment":[{"href":"https:\/\/menko-holding.com\/en\/wp-json\/wp\/v2\/media?parent=4876"}],"curies":[{"name":"wp","href":"https:\/\/api.w.org\/{rel}","templated":true}]}}