{"id":4807,"date":"2025-06-01T10:05:34","date_gmt":"2025-06-01T10:05:34","guid":{"rendered":"https:\/\/beige-jackal-543260.hostingersite.com\/?page_id=4807"},"modified":"2025-07-22T16:26:35","modified_gmt":"2025-07-22T16:26:35","slug":"notre-engagement","status":"publish","type":"page","link":"https:\/\/menko-holding.com\/en\/notre-engagement\/","title":{"rendered":"Our commitment"},"content":{"rendered":"<div data-elementor-type=\"wp-page\" data-elementor-id=\"4807\" class=\"elementor elementor-4807\">\n\t\t\t\t        <section class=\"elementor-section elementor-top-section elementor-element elementor-element-fb247b3 elementor-section-boxed elementor-section-height-default elementor-section-height-default ct-header-fixed-none ct-row-max-none\" data-id=\"fb247b3\" data-element_type=\"section\">\n            \n                        <div class=\"elementor-container elementor-column-gap-extended\">\n                    <div class=\"elementor-column elementor-col-50 elementor-top-column elementor-element elementor-element-0a659b9\" data-id=\"0a659b9\" data-element_type=\"column\">\n        <div class=\"elementor-widget-wrap elementor-element-populated\">\n                    \n        \r\n\t\t<div class=\"elementor-element elementor-element-74ac840 elementor-widget elementor-widget-ct_heading\" data-id=\"74ac840\" data-element_type=\"widget\" data-widget_type=\"ct_heading.default\">\n\t\t\t\t<div class=\"elementor-widget-container\">\n\t\t\t\t\t<div id=\"ct_heading-74ac840\" class=\"ct-heading h-align- sub- ct-heading-left item-st-line-top2\">\r\n    <div class=\"ct-item--inner\">\r\n        <div class=\"ct-inline-css\" data-css=\"            \">\r\n        <\/div>\r\n                <h3 class=\"item--title st-line-top2 case-animate-time\" data-wow-delay=\"ms\">\r\n                            <div class=\"ct-heading-divider\"><span><\/span><\/div>\r\n                        <span class=\"sp-main\">\r\n                \r\n                Who Are We ?\r\n                \r\n                            <\/span>\r\n                    <\/h3>\r\n    <\/div>\r\n<\/div>\t\t\t\t<\/div>\n\t\t\t\t<\/div>\n\t\t        <section class=\"elementor-section elementor-inner-section elementor-element elementor-element-b772f51 elementor-section-boxed elementor-section-height-default elementor-section-height-default ct-header-fixed-none ct-row-max-none\" data-id=\"b772f51\" data-element_type=\"section\">\n            \n                        <div class=\"elementor-container elementor-column-gap-extended\">\n                    <div class=\"elementor-column elementor-col-100 elementor-inner-column elementor-element elementor-element-50168dc\" data-id=\"50168dc\" data-element_type=\"column\">\n        <div class=\"elementor-widget-wrap elementor-element-populated\">\n                    \n        \t\t<div class=\"elementor-element elementor-element-11225b8 elementor-widget elementor-widget-text-editor\" data-id=\"11225b8\" data-element_type=\"widget\" data-widget_type=\"text-editor.default\">\n\t\t\t\t<div class=\"elementor-widget-container\">\n\t\t\t\t\t\t\t\t\t<p>Menko Holding is a company incorporated under Ivorian law, committed to responsible and sustainable development. Our Corporate Social Responsibility (CSR) policy is based on three fundamental pillars: environmental preservation, community well-being, and exemplary ethical governance. We make it a point of honor to integrate these values into each of our activities, thereby ensuring a positive impact and controlled growth.<\/p>\t\t\t\t\t\t\t\t<\/div>\n\t\t\t\t<\/div>\n\t\t            <\/div>\n        <\/div>\n                    <\/div>\n        <\/section>\n                    <\/div>\n        <\/div>\n                <div class=\"elementor-column elementor-col-50 elementor-top-column elementor-element elementor-element-4a4b979\" data-id=\"4a4b979\" data-element_type=\"column\">\n        <div class=\"elementor-widget-wrap elementor-element-populated\">\n                    \n        \t\t<div class=\"elementor-element elementor-element-fa22949 elementor-widget elementor-widget-image\" data-id=\"fa22949\" data-element_type=\"widget\" data-widget_type=\"image.default\">\n\t\t\t\t<div class=\"elementor-widget-container\">\n\t\t\t\t\t\t\t\t\t\t\t\t\t\t\t<img fetchpriority=\"high\" decoding=\"async\" width=\"800\" height=\"533\" src=\"https:\/\/menko-holding.com\/wp-content\/uploads\/2025\/06\/who.png\" class=\"attachment-full size-full wp-image-5214\" alt=\"\" srcset=\"https:\/\/menko-holding.com\/wp-content\/uploads\/2025\/06\/who.png 800w, https:\/\/menko-holding.com\/wp-content\/uploads\/2025\/06\/who-300x200.png 300w, https:\/\/menko-holding.com\/wp-content\/uploads\/2025\/06\/who-768x512.png 768w\" sizes=\"(max-width: 800px) 100vw, 800px\" \/>\t\t\t\t\t\t\t\t\t\t\t\t\t\t\t<\/div>\n\t\t\t\t<\/div>\n\t\t            <\/div>\n        <\/div>\n                    <\/div>\n        <\/section>\n        <div class=\"elementor-element elementor-element-4c5a4ae e-grid e-con-boxed e-con e-parent\" data-id=\"4c5a4ae\" data-element_type=\"container\">\n\t\t\t\t\t<div class=\"e-con-inner\">\n\t\t<div class=\"elementor-element elementor-element-027808e e-con-full e-flex e-con e-child\" data-id=\"027808e\" data-element_type=\"container\" data-settings=\"{&quot;background_background&quot;:&quot;classic&quot;}\">\n\t\t\t\t<div class=\"elementor-element elementor-element-748ad41 elementor-widget elementor-widget-ct_image\" data-id=\"748ad41\" data-element_type=\"widget\" data-widget_type=\"ct_image.default\">\n\t\t\t\t<div class=\"elementor-widget-container\">\n\t\t\t\t\t<div class=\"ct-image-single img-type-img ct-no-effect\" data-wow-delay=\"ms\">\r\n                        <img decoding=\"async\" width=\"749\" height=\"500\" src=\"https:\/\/menko-holding.com\/wp-content\/uploads\/2025\/06\/environement.jpg\" class=\"attachment-full\" alt=\"\" \/>            <\/div>\t\t\t\t<\/div>\n\t\t\t\t<\/div>\n\t\t\t\t<div class=\"elementor-element elementor-element-503d20b elementor-widget elementor-widget-ct_title\" data-id=\"503d20b\" data-element_type=\"widget\" data-widget_type=\"ct_title.default\">\n\t\t\t\t<div class=\"elementor-widget-container\">\n\t\t\t\t\t<div class=\"ct-title1 style4\">\r\n    <h3>\r\n    \t\t        <span>Environment<\/span>\r\n\t        <i><\/i>\r\n\t        <\/h3>\r\n<\/div>\t\t\t\t<\/div>\n\t\t\t\t<\/div>\n\t\t\t\t<div class=\"elementor-element elementor-element-5877aed elementor-widget elementor-widget-ct_text_editor\" data-id=\"5877aed\" data-element_type=\"widget\" data-widget_type=\"ct_text_editor.default\">\n\t\t\t\t<div class=\"elementor-widget-container\">\n\t\t\t\t\t<div id=\"ct_text_editor-5877aed\" class=\"ct-text-editor\" data-wow-delay=\"ms\">\n\t<div class=\"ct-item--inner\">\n\t\t<div class=\"ct-inline-css\"  data-css=\"\t        \t\t\t\">\n\n\t    <\/div>\n\t\t<div class=\"ct-text-editor elementor-clearfix\">\n\t\t\t<p>Menko Holding takes a proactive approach to environmental protection. We integrate sustainable practices into all our activities, promoting the optimization of natural resources and the reduction of our carbon footprint.<\/p><p>Our commitments include using local raw materials, developing eco-responsible solutions and investing in innovative technologies to minimize emissions and improve the energy efficiency of our infrastructures.<\/p><p>Through these actions, we actively contribute to preserving the ecosystem and building a more sustainable future.<\/p>\t\t\n\t\t<\/div>\n\t<\/div>\n<\/div>\t\t\t\t<\/div>\n\t\t\t\t<\/div>\n\t\t\t\t<\/div>\n\t\t<div class=\"elementor-element elementor-element-aa68e1e e-con-full e-flex e-con e-child\" data-id=\"aa68e1e\" data-element_type=\"container\" data-settings=\"{&quot;background_background&quot;:&quot;classic&quot;}\">\n\t\t\t\t<div class=\"elementor-element elementor-element-92b730f elementor-widget elementor-widget-ct_image\" data-id=\"92b730f\" data-element_type=\"widget\" data-widget_type=\"ct_image.default\">\n\t\t\t\t<div class=\"elementor-widget-container\">\n\t\t\t\t\t<div class=\"ct-image-single img-type-img ct-no-effect\" data-wow-delay=\"ms\">\r\n                        <img decoding=\"async\" width=\"749\" height=\"500\" src=\"https:\/\/menko-holding.com\/wp-content\/uploads\/2025\/06\/communaute.jpg\" class=\"attachment-full\" alt=\"\" \/>            <\/div>\t\t\t\t<\/div>\n\t\t\t\t<\/div>\n\t\t\t\t<div class=\"elementor-element elementor-element-ba6846f elementor-widget elementor-widget-ct_title\" data-id=\"ba6846f\" data-element_type=\"widget\" data-widget_type=\"ct_title.default\">\n\t\t\t\t<div class=\"elementor-widget-container\">\n\t\t\t\t\t<div class=\"ct-title1 style4\">\r\n    <h3>\r\n    \t\t        <span>Communities<\/span>\r\n\t        <i><\/i>\r\n\t        <\/h3>\r\n<\/div>\t\t\t\t<\/div>\n\t\t\t\t<\/div>\n\t\t\t\t<div class=\"elementor-element elementor-element-a5f19fe elementor-widget elementor-widget-ct_text_editor\" data-id=\"a5f19fe\" data-element_type=\"widget\" data-widget_type=\"ct_text_editor.default\">\n\t\t\t\t<div class=\"elementor-widget-container\">\n\t\t\t\t\t<div id=\"ct_text_editor-a5f19fe\" class=\"ct-text-editor\" data-wow-delay=\"ms\">\n\t<div class=\"ct-item--inner\">\n\t\t<div class=\"ct-inline-css\"  data-css=\"\t        \t\t\t\">\n\n\t    <\/div>\n\t\t<div class=\"ct-text-editor elementor-clearfix\">\n\t\t\t<p>Menko Holding is actively committed to supporting and strengthening the communities in which we operate. Through targeted programs, we promote local job creation, support educational initiatives and help improve essential infrastructure.<\/p><p>Nous consacrons 1% net d\u2019imp\u00f4t de nos b\u00e9n\u00e9fices r\u00e9alis\u00e9s dans des actions sociales au profit des villages qui nous ont fait confiance.<\/p><p>Our commitment is based on a sustainable and inclusive approach aimed at driving sustainable socio-economic development. By investing in people's well-being, we contribute to a more cohesive and balanced environment, where every action reinforces our positive impact on society.<\/p>\t\t\n\t\t<\/div>\n\t<\/div>\n<\/div>\t\t\t\t<\/div>\n\t\t\t\t<\/div>\n\t\t\t\t<\/div>\n\t\t<div class=\"elementor-element elementor-element-9984f3e e-con-full e-flex e-con e-child\" data-id=\"9984f3e\" data-element_type=\"container\" data-settings=\"{&quot;background_background&quot;:&quot;classic&quot;}\">\n\t\t\t\t<div class=\"elementor-element elementor-element-287d073 elementor-widget elementor-widget-ct_image\" data-id=\"287d073\" data-element_type=\"widget\" data-widget_type=\"ct_image.default\">\n\t\t\t\t<div class=\"elementor-widget-container\">\n\t\t\t\t\t<div class=\"ct-image-single img-type-img ct-no-effect\" data-wow-delay=\"ms\">\r\n                        <img loading=\"lazy\" decoding=\"async\" width=\"749\" height=\"500\" src=\"https:\/\/menko-holding.com\/wp-content\/uploads\/2025\/06\/respect.jpg\" class=\"attachment-full\" alt=\"\" \/>            <\/div>\t\t\t\t<\/div>\n\t\t\t\t<\/div>\n\t\t\t\t<div class=\"elementor-element elementor-element-67fa435 elementor-widget elementor-widget-ct_title\" data-id=\"67fa435\" data-element_type=\"widget\" data-widget_type=\"ct_title.default\">\n\t\t\t\t<div class=\"elementor-widget-container\">\n\t\t\t\t\t<div class=\"ct-title1 style4\">\r\n    <h3>\r\n    \t\t        <span>Ethical Governance<\/span>\r\n\t        <i><\/i>\r\n\t        <\/h3>\r\n<\/div>\t\t\t\t<\/div>\n\t\t\t\t<\/div>\n\t\t\t\t<div class=\"elementor-element elementor-element-5fc8b22 elementor-widget elementor-widget-ct_text_editor\" data-id=\"5fc8b22\" data-element_type=\"widget\" data-widget_type=\"ct_text_editor.default\">\n\t\t\t\t<div class=\"elementor-widget-container\">\n\t\t\t\t\t<div id=\"ct_text_editor-5fc8b22\" class=\"ct-text-editor\" data-wow-delay=\"ms\">\n\t<div class=\"ct-item--inner\">\n\t\t<div class=\"ct-inline-css\"  data-css=\"\t        \t\t\t\">\n\n\t    <\/div>\n\t\t<div class=\"ct-text-editor elementor-clearfix\">\n\t\t\t<p>Menko Holding's corporate governance is based on the principles of transparency, integrity and accountability.<\/p><p>We adhere to international standards of compliance and good conduct, guaranteeing rigorous and ethical management of our activities. Our commitments include the fight against corruption, the protection of fundamental rights and the application of control mechanisms to ensure fair and reliable decision-making.<\/p><p>By integrating these values into our operations, we strengthen the trust of our partners and contribute to sustainable, responsible growth.<\/p>\t\t\n\t\t<\/div>\n\t<\/div>\n<\/div>\t\t\t\t<\/div>\n\t\t\t\t<\/div>\n\t\t\t\t<\/div>\n\t\t\t\t\t<\/div>\n\t\t\t\t<\/div>\n\t\t\t\t<\/div>","protected":false},"excerpt":{"rendered":"<p>Qui sommes-nous ? Menko Holding est une entreprise de droit ivoirien, engag\u00e9e dans un d\u00e9veloppement responsable et durable. Notre politique de Responsabilit\u00e9 Soci\u00e9tale des Entreprises (RSE) repose sur trois piliers fondamentaux : la pr\u00e9servation de l\u2019environnement, le bien-\u00eatre des communaut\u00e9s et une gouvernance \u00e9thique exemplaire. Nous mettons un point d\u2019honneur \u00e0 int\u00e9grer ces valeurs dans [&hellip;]<\/p>","protected":false},"author":1,"featured_media":0,"parent":0,"menu_order":0,"comment_status":"closed","ping_status":"closed","template":"","meta":{"footnotes":""},"class_list":["post-4807","page","type-page","status-publish","hentry"],"aioseo_notices":[],"_links":{"self":[{"href":"https:\/\/menko-holding.com\/en\/wp-json\/wp\/v2\/pages\/4807","targetHints":{"allow":["GET"]}}],"collection":[{"href":"https:\/\/menko-holding.com\/en\/wp-json\/wp\/v2\/pages"}],"about":[{"href":"https:\/\/menko-holding.com\/en\/wp-json\/wp\/v2\/types\/page"}],"author":[{"embeddable":true,"href":"https:\/\/menko-holding.com\/en\/wp-json\/wp\/v2\/users\/1"}],"replies":[{"embeddable":true,"href":"https:\/\/menko-holding.com\/en\/wp-json\/wp\/v2\/comments?post=4807"}],"version-history":[{"count":85,"href":"https:\/\/menko-holding.com\/en\/wp-json\/wp\/v2\/pages\/4807\/revisions"}],"predecessor-version":[{"id":5474,"href":"https:\/\/menko-holding.com\/en\/wp-json\/wp\/v2\/pages\/4807\/revisions\/5474"}],"wp:attachment":[{"href":"https:\/\/menko-holding.com\/en\/wp-json\/wp\/v2\/media?parent=4807"}],"curies":[{"name":"wp","href":"https:\/\/api.w.org\/{rel}","templated":true}]}}