{"id":4805,"date":"2025-06-01T10:05:02","date_gmt":"2025-06-01T10:05:02","guid":{"rendered":"https:\/\/beige-jackal-543260.hostingersite.com\/?page_id=4805"},"modified":"2025-06-09T19:41:00","modified_gmt":"2025-06-09T19:41:00","slug":"nos-filiales","status":"publish","type":"page","link":"https:\/\/menko-holding.com\/en\/nos-filiales\/","title":{"rendered":"Our subsidiaries"},"content":{"rendered":"<div data-elementor-type=\"wp-page\" data-elementor-id=\"4805\" class=\"elementor elementor-4805\">\n\t\t\t\t<div class=\"elementor-element elementor-element-0a86cd8 e-flex e-con-boxed e-con e-parent\" data-id=\"0a86cd8\" data-element_type=\"container\">\n\t\t\t\t\t<div class=\"e-con-inner\">\n\t\t\r\n\t\t<div class=\"elementor-element elementor-element-ff83fd3 elementor-widget elementor-widget-ct_service_carousel\" data-id=\"ff83fd3\" data-element_type=\"widget\" data-widget_type=\"ct_service_carousel.default\">\n\t\t\t\t<div class=\"elementor-widget-container\">\n\t\t\t\t\t\r\n<div id=\"ct_service_carousel-ff83fd3\" class=\"ct-service-carousel6 ct-slick-slider dots-square style1\">\r\n    <div class=\"ct-carousel-inner\">\r\n        <div class=\"ct-slick-carousel\" data-arrows=\"\" data-dots=\"true\" data-pauseonhover=\"true\" data-autoplay=\"true\" data-autoplayspeed=\"5000\" data-infinite=\"true\" data-speed=\"500\" data-colxs=\"1\" data-colsm=\"2\" data-colmd=\"2\" data-collg=\"3\" data-colxl=\"3\" data-dir=\"false\" data-slidestoscroll=\"3\">\r\n                    <div class=\"carousel-item slick-slide\">\r\n                <div class=\"grid-item-inner\">\r\n                                            <div class=\"item--featured\">\r\n                            <div class=\"item--featured-image\">\r\n                                <a href=\"https:\/\/menko-holding.com\/en\/filiale\/tradyma\/\"><img fetchpriority=\"high\" decoding=\"async\" class=\"\" src=\"https:\/\/menko-holding.com\/wp-content\/uploads\/2025\/07\/partners-600x315.jpg\" width=\"600\" height=\"315\" alt=\"partners\" title=\"partners\" \/><\/a>\r\n                            <\/div>\r\n                                                            <div class=\"item--icon\">\r\n                                    <img decoding=\"async\" width=\"100\" height=\"79\" src=\"https:\/\/menko-holding.com\/wp-content\/uploads\/2025\/06\/digitech-icon.png\" class=\"attachment-full\" alt=\"\" \/>                                <\/div>\r\n                                                    <\/div>\r\n                                        <div class=\"item--meta\">\r\n                                                    <h3 class=\"item--title\"><a href=\"https:\/\/menko-holding.com\/en\/filiale\/tradyma\/\">Tradyma<\/a><\/h3>\r\n                                                                            <div class=\"item--desc\">\r\n                                TRADYMA est une marque commerciale polyvalente, sp\u00e9cialis\u00e9e dans la distribution de produits techniques, innovants et durables dans les domaines cl\u00e9s du d\u00e9veloppement : construction, habitat,&hellip;                            <\/div>\r\n                                                                            <div class=\"entry-readmore\">\r\n                                <a href=\"https:\/\/menko-holding.com\/en\/filiale\/tradyma\/\">\r\n                                    <span>\r\n                                        Read More                                    <\/span>\r\n                                    <svg version=\"1.1\" xmlns=\"http:\/\/www.w3.org\/2000\/svg\" xmlns:xlink=\"http:\/\/www.w3.org\/1999\/xlink\" x=\"0px\" y=\"0px\" viewbox=\"0 0 414.165 414.165\" xml:space=\"preserve\">\r\n                                        <g>\r\n                                            <polygon points=\"313.749,106.677 283.584,136.843 332.501,185.76 0,185.76 0,228.427 332.501,228.427 283.584,277.344                                                 313.749,307.488 414.165,207.093         \"\/>\r\n                                        <\/g>\r\n                                    <\/svg>\r\n                                <\/a>\r\n                            <\/div>\r\n                                            <\/div> \r\n                <\/div>\r\n            <\/div>\r\n                    <div class=\"carousel-item slick-slide\">\r\n                <div class=\"grid-item-inner\">\r\n                                            <div class=\"item--featured\">\r\n                            <div class=\"item--featured-image\">\r\n                                <a href=\"https:\/\/menko-holding.com\/en\/filiale\/menko-digitech\/\"><img decoding=\"async\" class=\"\" src=\"https:\/\/menko-holding.com\/wp-content\/uploads\/2025\/06\/digitech-bg-600x315.jpg\" width=\"600\" height=\"315\" alt=\"digitech-bg\" title=\"digitech-bg\" \/><\/a>\r\n                            <\/div>\r\n                                                            <div class=\"item--icon\">\r\n                                    <img loading=\"lazy\" decoding=\"async\" width=\"100\" height=\"100\" src=\"https:\/\/menko-holding.com\/wp-content\/uploads\/2025\/06\/icon-building.png\" class=\"attachment-full\" alt=\"\" \/>                                <\/div>\r\n                                                    <\/div>\r\n                                        <div class=\"item--meta\">\r\n                                                    <h3 class=\"item--title\"><a href=\"https:\/\/menko-holding.com\/en\/filiale\/menko-digitech\/\">Menko DigiTech<\/a><\/h3>\r\n                                                                            <div class=\"item--desc\">\r\n                                MENKO DIGITECH designs digital solutions to boost performance and anchor businesses in the future.                            <\/div>\r\n                                                                            <div class=\"entry-readmore\">\r\n                                <a href=\"https:\/\/menko-holding.com\/en\/filiale\/menko-digitech\/\">\r\n                                    <span>\r\n                                        Read More                                    <\/span>\r\n                                    <svg version=\"1.1\" xmlns=\"http:\/\/www.w3.org\/2000\/svg\" xmlns:xlink=\"http:\/\/www.w3.org\/1999\/xlink\" x=\"0px\" y=\"0px\" viewbox=\"0 0 414.165 414.165\" xml:space=\"preserve\">\r\n                                        <g>\r\n                                            <polygon points=\"313.749,106.677 283.584,136.843 332.501,185.76 0,185.76 0,228.427 332.501,228.427 283.584,277.344                                                 313.749,307.488 414.165,207.093         \"\/>\r\n                                        <\/g>\r\n                                    <\/svg>\r\n                                <\/a>\r\n                            <\/div>\r\n                                            <\/div> \r\n                <\/div>\r\n            <\/div>\r\n                    <div class=\"carousel-item slick-slide\">\r\n                <div class=\"grid-item-inner\">\r\n                                            <div class=\"item--featured\">\r\n                            <div class=\"item--featured-image\">\r\n                                <a href=\"https:\/\/menko-holding.com\/en\/filiale\/menko-building\/\"><img loading=\"lazy\" decoding=\"async\" class=\"\" src=\"https:\/\/menko-holding.com\/wp-content\/uploads\/2020\/03\/building-600x315.jpg\" width=\"600\" height=\"315\" alt=\"menko building\" title=\"building\" \/><\/a>\r\n                            <\/div>\r\n                                                            <div class=\"item--icon\">\r\n                                    <img loading=\"lazy\" decoding=\"async\" width=\"100\" height=\"108\" src=\"https:\/\/menko-holding.com\/wp-content\/uploads\/2025\/06\/menko-sarl-icon.png\" class=\"attachment-full\" alt=\"\" \/>                                <\/div>\r\n                                                    <\/div>\r\n                                        <div class=\"item--meta\">\r\n                                                    <h3 class=\"item--title\"><a href=\"https:\/\/menko-holding.com\/en\/filiale\/menko-building\/\">Menko Building<\/a><\/h3>\r\n                                                                            <div class=\"item--desc\">\r\n                                Intervient dans la construction de b\u00e2timents, la promotion immobili\u00e8re, les travaux de r\u00e9novation, les infrastructures routi\u00e8res et les ouvrages d\u2019int\u00e9r\u00eat public.                            <\/div>\r\n                                                                            <div class=\"entry-readmore\">\r\n                                <a href=\"https:\/\/menko-holding.com\/en\/filiale\/menko-building\/\">\r\n                                    <span>\r\n                                        Read More                                    <\/span>\r\n                                    <svg version=\"1.1\" xmlns=\"http:\/\/www.w3.org\/2000\/svg\" xmlns:xlink=\"http:\/\/www.w3.org\/1999\/xlink\" x=\"0px\" y=\"0px\" viewbox=\"0 0 414.165 414.165\" xml:space=\"preserve\">\r\n                                        <g>\r\n                                            <polygon points=\"313.749,106.677 283.584,136.843 332.501,185.76 0,185.76 0,228.427 332.501,228.427 283.584,277.344                                                 313.749,307.488 414.165,207.093         \"\/>\r\n                                        <\/g>\r\n                                    <\/svg>\r\n                                <\/a>\r\n                            <\/div>\r\n                                            <\/div> \r\n                <\/div>\r\n            <\/div>\r\n                    <div class=\"carousel-item slick-slide\">\r\n                <div class=\"grid-item-inner\">\r\n                                            <div class=\"item--featured\">\r\n                            <div class=\"item--featured-image\">\r\n                                <a href=\"https:\/\/menko-holding.com\/en\/filiale\/menko-sarl\/\"><img loading=\"lazy\" decoding=\"async\" class=\"\" src=\"https:\/\/menko-holding.com\/wp-content\/uploads\/2020\/03\/lotissement-600x315.jpg\" width=\"600\" height=\"315\" alt=\"lotissement\" title=\"lotissement\" \/><\/a>\r\n                            <\/div>\r\n                                                            <div class=\"item--icon\">\r\n                                    <img loading=\"lazy\" decoding=\"async\" width=\"100\" height=\"102\" src=\"https:\/\/menko-holding.com\/wp-content\/uploads\/2025\/06\/menko-agro-icon.png\" class=\"attachment-full\" alt=\"\" \/>                                <\/div>\r\n                                                    <\/div>\r\n                                        <div class=\"item--meta\">\r\n                                                    <h3 class=\"item--title\"><a href=\"https:\/\/menko-holding.com\/en\/filiale\/menko-sarl\/\">Menko SARL<\/a><\/h3>\r\n                                                                            <div class=\"item--desc\">\r\n                                Sp\u00e9cialis\u00e9e dans le lotissement et l\u2019am\u00e9nagement foncier.                            <\/div>\r\n                                                                            <div class=\"entry-readmore\">\r\n                                <a href=\"https:\/\/menko-holding.com\/en\/filiale\/menko-sarl\/\">\r\n                                    <span>\r\n                                        Read More                                    <\/span>\r\n                                    <svg version=\"1.1\" xmlns=\"http:\/\/www.w3.org\/2000\/svg\" xmlns:xlink=\"http:\/\/www.w3.org\/1999\/xlink\" x=\"0px\" y=\"0px\" viewbox=\"0 0 414.165 414.165\" xml:space=\"preserve\">\r\n                                        <g>\r\n                                            <polygon points=\"313.749,106.677 283.584,136.843 332.501,185.76 0,185.76 0,228.427 332.501,228.427 283.584,277.344                                                 313.749,307.488 414.165,207.093         \"\/>\r\n                                        <\/g>\r\n                                    <\/svg>\r\n                                <\/a>\r\n                            <\/div>\r\n                                            <\/div> \r\n                <\/div>\r\n            <\/div>\r\n                    <div class=\"carousel-item slick-slide\">\r\n                <div class=\"grid-item-inner\">\r\n                                            <div class=\"item--featured\">\r\n                            <div class=\"item--featured-image\">\r\n                                <a href=\"https:\/\/menko-holding.com\/en\/filiale\/menko-agro\/\"><img loading=\"lazy\" decoding=\"async\" class=\"\" src=\"https:\/\/menko-holding.com\/wp-content\/uploads\/2020\/03\/agro-bg-600x315.jpg\" width=\"600\" height=\"315\" alt=\"agro-bg\" title=\"agro-bg\" \/><\/a>\r\n                            <\/div>\r\n                                                                                                <div class=\"item--icon\"><i class=\"flaticon-presentation\"><\/i><\/div>\r\n                                \r\n                                                                                    <\/div>\r\n                                        <div class=\"item--meta\">\r\n                                                    <h3 class=\"item--title\"><a href=\"https:\/\/menko-holding.com\/en\/filiale\/menko-agro\/\">Menko Agro<\/a><\/h3>\r\n                                                                            <div class=\"item--desc\">\r\n                                MENKO AGRO develops sustainable, local agriculture to feed people and boost rural areas.                            <\/div>\r\n                                                                            <div class=\"entry-readmore\">\r\n                                <a href=\"https:\/\/menko-holding.com\/en\/filiale\/menko-agro\/\">\r\n                                    <span>\r\n                                        Read More                                    <\/span>\r\n                                    <svg version=\"1.1\" xmlns=\"http:\/\/www.w3.org\/2000\/svg\" xmlns:xlink=\"http:\/\/www.w3.org\/1999\/xlink\" x=\"0px\" y=\"0px\" viewbox=\"0 0 414.165 414.165\" xml:space=\"preserve\">\r\n                                        <g>\r\n                                            <polygon points=\"313.749,106.677 283.584,136.843 332.501,185.76 0,185.76 0,228.427 332.501,228.427 283.584,277.344                                                 313.749,307.488 414.165,207.093         \"\/>\r\n                                        <\/g>\r\n                                    <\/svg>\r\n                                <\/a>\r\n                            <\/div>\r\n                                            <\/div> \r\n                <\/div>\r\n            <\/div>\r\n                <\/div>\r\n    <\/div>\r\n<\/div>\r\n\t\t\t\t<\/div>\n\t\t\t\t<\/div>\n\t\t\t\t\t<\/div>\n\t\t\t\t<\/div>\n\t\t\t\t<\/div>","protected":false},"excerpt":{"rendered":"<p>Menko DigiTech MENKO DIGITECH con\u00e7oit des solutions num\u00e9riques pour booster la performance et ancrer les entreprises dans le futur. Plus d&#039;info Menko Building Intervient dans la construction de b\u00e2timents, les travaux de r\u00e9novation, les infrastructures routi\u00e8res et les ouvrages d\u2019int\u00e9r\u00eat public. Plus d&#039;info Menko SARL Sp\u00e9cialis\u00e9e dans le lotissement, la promotion immobili\u00e8re et l\u2019am\u00e9nagement foncier. [&hellip;]<\/p>","protected":false},"author":1,"featured_media":0,"parent":0,"menu_order":0,"comment_status":"closed","ping_status":"closed","template":"","meta":{"footnotes":""},"class_list":["post-4805","page","type-page","status-publish","hentry"],"aioseo_notices":[],"_links":{"self":[{"href":"https:\/\/menko-holding.com\/en\/wp-json\/wp\/v2\/pages\/4805","targetHints":{"allow":["GET"]}}],"collection":[{"href":"https:\/\/menko-holding.com\/en\/wp-json\/wp\/v2\/pages"}],"about":[{"href":"https:\/\/menko-holding.com\/en\/wp-json\/wp\/v2\/types\/page"}],"author":[{"embeddable":true,"href":"https:\/\/menko-holding.com\/en\/wp-json\/wp\/v2\/users\/1"}],"replies":[{"embeddable":true,"href":"https:\/\/menko-holding.com\/en\/wp-json\/wp\/v2\/comments?post=4805"}],"version-history":[{"count":19,"href":"https:\/\/menko-holding.com\/en\/wp-json\/wp\/v2\/pages\/4805\/revisions"}],"predecessor-version":[{"id":5168,"href":"https:\/\/menko-holding.com\/en\/wp-json\/wp\/v2\/pages\/4805\/revisions\/5168"}],"wp:attachment":[{"href":"https:\/\/menko-holding.com\/en\/wp-json\/wp\/v2\/media?parent=4805"}],"curies":[{"name":"wp","href":"https:\/\/api.w.org\/{rel}","templated":true}]}}