{"id":3518,"date":"2020-02-07T02:21:09","date_gmt":"2020-02-07T02:21:09","guid":{"rendered":"https:\/\/demo.casethemes.net\/consultio-corporate2\/?page_id=3518"},"modified":"2026-01-07T07:51:57","modified_gmt":"2026-01-07T07:51:57","slug":"gouvernance","status":"publish","type":"page","link":"https:\/\/menko-holding.com\/en\/gouvernance\/","title":{"rendered":"Corporate governance"},"content":{"rendered":"<div data-elementor-type=\"wp-page\" data-elementor-id=\"3518\" class=\"elementor elementor-3518\">\n\t\t\t\t\r\n        <section class=\"elementor-section elementor-top-section elementor-element elementor-element-447525ee elementor-section-boxed elementor-section-height-default elementor-section-height-default ct-header-fixed-none ct-row-max-none\" data-id=\"447525ee\" data-element_type=\"section\">\n            \n                        <div class=\"elementor-container elementor-column-gap-extended\">\n                    <div class=\"elementor-column elementor-col-33 elementor-top-column elementor-element elementor-element-c6d46c8\" data-id=\"c6d46c8\" data-element_type=\"column\">\n        <div class=\"elementor-widget-wrap elementor-element-populated\">\n                    \n        \r\n\t\t<div class=\"elementor-element elementor-element-239427c9 line-sub-preset2 elementor-widget elementor-widget-ct_heading\" data-id=\"239427c9\" data-element_type=\"widget\" data-widget_type=\"ct_heading.default\">\n\t\t\t\t<div class=\"elementor-widget-container\">\n\t\t\t\t\t<div id=\"ct_heading-239427c9\" class=\"ct-heading h-align- sub-style1 ct-heading-left item-st-line-left3\">\r\n    <div class=\"ct-item--inner\">\r\n        <div class=\"ct-inline-css\" data-css=\"            \">\r\n        <\/div>\r\n                    <div class=\"item--sub-title style1 show-line\">\r\n                                                                Our Team                                                                            <\/div>\r\n                <h3 class=\"item--title st-line-left3 wow wow fadeInLeft\" data-wow-delay=\"ms\">\r\n                        <span class=\"sp-main\">\r\n                \r\n                We always work with a great team.\r\n                \r\n                                    <i class=\"dot-shape\">\r\n                        <i><\/i>\r\n                        <i><\/i>\r\n                        <i><\/i>\r\n                        <i><\/i>\r\n                        <i><\/i>\r\n                        <i><\/i>\r\n                    <\/i>\r\n                            <\/span>\r\n                    <\/h3>\r\n    <\/div>\r\n<\/div>\t\t\t\t<\/div>\n\t\t\t\t<\/div>\n\t\t        <section class=\"elementor-section elementor-inner-section elementor-element elementor-element-36cf3dd elementor-hidden-tablet elementor-hidden-phone elementor-section-boxed elementor-section-height-default elementor-section-height-default ct-header-fixed-none ct-row-max-none\" data-id=\"36cf3dd\" data-element_type=\"section\">\n            \n                        <div class=\"elementor-container elementor-column-gap-no\">\n                    <div class=\"elementor-column elementor-col-50 elementor-inner-column elementor-element elementor-element-77423db\" data-id=\"77423db\" data-element_type=\"column\">\n        <div class=\"elementor-widget-wrap elementor-element-populated\">\n                    \n        \t\t<div class=\"elementor-element elementor-element-5b017e1 elementor-invisible elementor-widget elementor-widget-spacer\" data-id=\"5b017e1\" data-element_type=\"widget\" data-settings=\"{&quot;_animation&quot;:&quot;fadeInUp&quot;}\" data-widget_type=\"spacer.default\">\n\t\t\t\t<div class=\"elementor-widget-container\">\n\t\t\t\t\t\t\t<div class=\"elementor-spacer\">\n\t\t\t<div class=\"elementor-spacer-inner\"><\/div>\n\t\t<\/div>\n\t\t\t\t\t\t<\/div>\n\t\t\t\t<\/div>\n\t\t            <\/div>\n        <\/div>\n                <div class=\"elementor-column elementor-col-50 elementor-inner-column elementor-element elementor-element-5101bd0\" data-id=\"5101bd0\" data-element_type=\"column\">\n        <div class=\"elementor-widget-wrap\">\n                    \n                    <\/div>\n        <\/div>\n                    <\/div>\n        <\/section>\n                    <\/div>\n        <\/div>\n                <div class=\"elementor-column elementor-col-66 elementor-top-column elementor-element elementor-element-553ef78d\" data-id=\"553ef78d\" data-element_type=\"column\">\n        <div class=\"elementor-widget-wrap elementor-element-populated\">\n                    \n        \t\t<div class=\"elementor-element elementor-element-11b392d elementor-widget__width-initial elementor-widget elementor-widget-ct_team_grid\" data-id=\"11b392d\" data-element_type=\"widget\" data-widget_type=\"ct_team_grid.default\">\n\t\t\t\t<div class=\"elementor-widget-container\">\n\t\t\t\t\t    <div class=\"ct-grid ct-team-grid ct-team-grid3\">\r\n        <div class=\"ct-grid-inner ct-grid-masonry row animate-time\" data-gutter=\"15\">\r\n                            <div class=\"grid-item col-xl-6 col-lg-6 col-md-6 col-sm-6 col-12\">\r\n                    <div class=\"item--inner wow fadeInUp\">\r\n                                                    <div class=\"item--image\">\r\n                                <div class=\"item--desc\">CEO, Funder  <\/div>\r\n                                <img fetchpriority=\"high\" decoding=\"async\" class=\"disable-lazy\" src=\"https:\/\/menko-holding.com\/wp-content\/uploads\/2025\/06\/boss.jpg\" width=\"350\" height=\"350\" alt=\"Menan Amalaman Adolphe\" title=\"boss\" \/>                                <a href=\"#\"><\/a>\r\n                            <\/div>\r\n                                                <h3 class=\"item--title\">    \r\n                            MENAN Adolphe Amalaman                        <\/h3>\r\n                        <div class=\"item--holder\">\r\n                            <div class=\"item--social\">\r\n                                                                        <a href=\"#\" target=\"_blank\"><i class=\"\"><\/i><\/a>\r\n                                                                            <a href=\"#\" target=\"_blank\"><i class=\"\"><\/i><\/a>\r\n                                                                            <a href=\"#\" target=\"_blank\"><i class=\"\"><\/i><\/a>\r\n                                                                            <a href=\"#\" target=\"_blank\"><i class=\"\"><\/i><\/a>\r\n                                                                <\/div>\r\n                            <div class=\"item--position\">CEO, Funder  <\/div>\r\n                        <\/div>\r\n                   <\/div>\r\n                <\/div>\r\n                            <div class=\"grid-item col-xl-6 col-lg-6 col-md-6 col-sm-6 col-12\">\r\n                    <div class=\"item--inner wow fadeInUp\">\r\n                                                    <div class=\"item--image\">\r\n                                <div class=\"item--desc\"><\/div>\r\n                                                                <a ><\/a>\r\n                            <\/div>\r\n                                                <h3 class=\"item--title\">    \r\n                                                    <\/h3>\r\n                        <div class=\"item--holder\">\r\n                            <div class=\"item--social\">\r\n                                                            <\/div>\r\n                            <div class=\"item--position\"><\/div>\r\n                        <\/div>\r\n                   <\/div>\r\n                <\/div>\r\n                        <div class=\"grid-sizer col-xl-6 col-lg-6 col-md-6 col-sm-6 col-12\"><\/div>\r\n        <\/div>\r\n    <\/div>\r\n\t\t\t\t<\/div>\n\t\t\t\t<\/div>\n\t\t            <\/div>\n        <\/div>\n                    <\/div>\n        <\/section>\n                <section class=\"elementor-section elementor-top-section elementor-element elementor-element-8109f9e elementor-section-boxed elementor-section-height-default elementor-section-height-default ct-header-fixed-none ct-row-max-none\" data-id=\"8109f9e\" data-element_type=\"section\">\n            \n                        <div class=\"elementor-container elementor-column-gap-extended\">\n                    <div class=\"elementor-column elementor-col-100 elementor-top-column elementor-element elementor-element-a4e910d\" data-id=\"a4e910d\" data-element_type=\"column\">\n        <div class=\"elementor-widget-wrap elementor-element-populated\">\n                    \n        \t\t<div class=\"elementor-element elementor-element-3817761 elementor-widget elementor-widget-ct_team_grid\" data-id=\"3817761\" data-element_type=\"widget\" data-widget_type=\"ct_team_grid.default\">\n\t\t\t\t<div class=\"elementor-widget-container\">\n\t\t\t\t\t    <div class=\"ct-grid ct-team-grid ct-team-grid3\">\r\n        <div class=\"ct-grid-inner ct-grid-masonry row animate-time\" data-gutter=\"15\">\r\n                            <div class=\"grid-item col-xl-4 col-lg-4 col-md-6 col-sm-6 col-12\">\r\n                    <div class=\"item--inner wow fadeInUp\">\r\n                                                    <div class=\"item--image\">\r\n                                <div class=\"item--desc\">Managing Director Menko Agro<\/div>\r\n                                <img decoding=\"async\" class=\"disable-lazy\" src=\"https:\/\/menko-holding.com\/wp-content\/uploads\/2025\/06\/mme-brou.jpg\" width=\"350\" height=\"350\" alt=\"KONAN SABINE\" title=\"mme-brou\" \/>                                <a href=\"#\"><\/a>\r\n                            <\/div>\r\n                                                <h3 class=\"item--title\">    \r\n                            Mme KONAN SABINE \u00e9pse BROU                        <\/h3>\r\n                        <div class=\"item--holder\">\r\n                            <div class=\"item--social\">\r\n                                                                        <a href=\"#\" target=\"_blank\"><i class=\"\"><\/i><\/a>\r\n                                                                            <a href=\"#\" target=\"_blank\"><i class=\"\"><\/i><\/a>\r\n                                                                            <a href=\"#\" target=\"_blank\"><i class=\"\"><\/i><\/a>\r\n                                                                            <a href=\"#\" target=\"_blank\"><i class=\"\"><\/i><\/a>\r\n                                                                <\/div>\r\n                            <div class=\"item--position\">Managing Director Menko Agro<\/div>\r\n                        <\/div>\r\n                   <\/div>\r\n                <\/div>\r\n                            <div class=\"grid-item col-xl-4 col-lg-4 col-md-6 col-sm-6 col-12\">\r\n                    <div class=\"item--inner wow fadeInUp\">\r\n                                                    <div class=\"item--image\">\r\n                                <div class=\"item--desc\">G\u00e9rante de Menko Digitech<\/div>\r\n                                <img decoding=\"async\" class=\"disable-lazy\" src=\"https:\/\/menko-holding.com\/wp-content\/uploads\/2025\/07\/md.jpg\" width=\"350\" height=\"350\" alt=\"md\" title=\"md\" \/>                                <a href=\"#\"><\/a>\r\n                            <\/div>\r\n                                                <h3 class=\"item--title\">    \r\n                            Mlle KOUADIANE MARIE DOMINIQUE                        <\/h3>\r\n                        <div class=\"item--holder\">\r\n                            <div class=\"item--social\">\r\n                                                                        <a href=\"#\" target=\"_blank\"><i class=\"\"><\/i><\/a>\r\n                                                                            <a href=\"#\" target=\"_blank\"><i class=\"\"><\/i><\/a>\r\n                                                                            <a href=\"#\" target=\"_blank\"><i class=\"\"><\/i><\/a>\r\n                                                                            <a href=\"\" target=\"_blank\"><i class=\"\"><\/i><\/a>\r\n                                                                <\/div>\r\n                            <div class=\"item--position\">G\u00e9rante de Menko Digitech<\/div>\r\n                        <\/div>\r\n                   <\/div>\r\n                <\/div>\r\n                            <div class=\"grid-item col-xl-4 col-lg-4 col-md-6 col-sm-6 col-12\">\r\n                    <div class=\"item--inner wow fadeInUp\">\r\n                                                    <div class=\"item--image\">\r\n                                <div class=\"item--desc\">Managing Director Menko Building<\/div>\r\n                                <img loading=\"lazy\" decoding=\"async\" class=\"disable-lazy\" src=\"https:\/\/menko-holding.com\/wp-content\/uploads\/2025\/07\/victoire-ok.jpg\" width=\"350\" height=\"350\" alt=\"KOUASSI VICTOIRE\" title=\"victoire-ok\" \/>                                <a href=\"https:\/\/beige-jackal-543260.hostingersite.com\/team-details\/\"><\/a>\r\n                            <\/div>\r\n                                                <h3 class=\"item--title\">    \r\n                            Mme KOUASSI VICTOIRE \u00e9pse ADOUENI                         <\/h3>\r\n                        <div class=\"item--holder\">\r\n                            <div class=\"item--social\">\r\n                                                                        <a href=\"#\" target=\"_blank\"><i class=\"\"><\/i><\/a>\r\n                                                                            <a href=\"#\" target=\"_blank\"><i class=\"\"><\/i><\/a>\r\n                                                                            <a href=\"#\" target=\"_blank\"><i class=\"\"><\/i><\/a>\r\n                                                                            <a href=\"\" target=\"_blank\"><i class=\"\"><\/i><\/a>\r\n                                                                <\/div>\r\n                            <div class=\"item--position\">Managing Director Menko Building<\/div>\r\n                        <\/div>\r\n                   <\/div>\r\n                <\/div>\r\n                        <div class=\"grid-sizer col-xl-4 col-lg-4 col-md-6 col-sm-6 col-12\"><\/div>\r\n        <\/div>\r\n    <\/div>\r\n\t\t\t\t<\/div>\n\t\t\t\t<\/div>\n\t\t            <\/div>\n        <\/div>\n                    <\/div>\n        <\/section>\n                <section class=\"elementor-section elementor-top-section elementor-element elementor-element-427c063 elementor-section-boxed elementor-section-height-default elementor-section-height-default ct-header-fixed-none ct-row-max-none\" data-id=\"427c063\" data-element_type=\"section\">\n            \n                        <div class=\"elementor-container elementor-column-gap-extended\">\n                    <div class=\"elementor-column elementor-col-100 elementor-top-column elementor-element elementor-element-77c4bf4\" data-id=\"77c4bf4\" data-element_type=\"column\">\n        <div class=\"elementor-widget-wrap elementor-element-populated\">\n                    \n        \t\t<div class=\"elementor-element elementor-element-29e5d4b elementor-widget elementor-widget-ct_team_grid\" data-id=\"29e5d4b\" data-element_type=\"widget\" data-widget_type=\"ct_team_grid.default\">\n\t\t\t\t<div class=\"elementor-widget-container\">\n\t\t\t\t\t    <div class=\"ct-grid ct-team-grid ct-team-grid3\">\r\n        <div class=\"ct-grid-inner ct-grid-masonry row animate-time\" data-gutter=\"15\">\r\n                            <div class=\"grid-item col-xl-4 col-lg-4 col-md-6 col-sm-6 col-12\">\r\n                    <div class=\"item--inner wow fadeInUp\">\r\n                                                    <div class=\"item--image\">\r\n                                <div class=\"item--desc\">Responsable des Grands Travaux et du Suivi des Projets<\/div>\r\n                                <img loading=\"lazy\" decoding=\"async\" class=\"disable-lazy\" src=\"https:\/\/menko-holding.com\/wp-content\/uploads\/2025\/06\/d-admin.jpg\" width=\"350\" height=\"350\" alt=\"COULIBALY SEYDOU\" title=\"d-admin\" \/>                                <a href=\"#\"><\/a>\r\n                            <\/div>\r\n                                                <h3 class=\"item--title\">    \r\n                            COULIBALY SEYDOU                         <\/h3>\r\n                        <div class=\"item--holder\">\r\n                            <div class=\"item--social\">\r\n                                                                        <a href=\"#\" target=\"_blank\"><i class=\"\"><\/i><\/a>\r\n                                                                            <a href=\"#\" target=\"_blank\"><i class=\"\"><\/i><\/a>\r\n                                                                            <a href=\"#\" target=\"_blank\"><i class=\"\"><\/i><\/a>\r\n                                                                            <a href=\"#\" target=\"_blank\"><i class=\"\"><\/i><\/a>\r\n                                                                <\/div>\r\n                            <div class=\"item--position\">Responsable des Grands Travaux et du Suivi des Projets<\/div>\r\n                        <\/div>\r\n                   <\/div>\r\n                <\/div>\r\n                            <div class=\"grid-item col-xl-4 col-lg-4 col-md-6 col-sm-6 col-12\">\r\n                    <div class=\"item--inner wow fadeInUp\">\r\n                                                    <div class=\"item--image\">\r\n                                <div class=\"item--desc\">Sales Director, Menko Holding<\/div>\r\n                                <img loading=\"lazy\" decoding=\"async\" class=\"disable-lazy\" src=\"https:\/\/menko-holding.com\/wp-content\/uploads\/2025\/06\/dircom.jpg\" width=\"350\" height=\"350\" alt=\"GBAHI LINDA\" title=\"dircom\" \/>                                <a href=\"https:\/\/beige-jackal-543260.hostingersite.com\/team-details\/\"><\/a>\r\n                            <\/div>\r\n                                                <h3 class=\"item--title\">    \r\n                            Mme GBAHI LINDA \u00e9pse CISSE                        <\/h3>\r\n                        <div class=\"item--holder\">\r\n                            <div class=\"item--social\">\r\n                                                                        <a href=\"#\" target=\"_blank\"><i class=\"\"><\/i><\/a>\r\n                                                                            <a href=\"#\" target=\"_blank\"><i class=\"\"><\/i><\/a>\r\n                                                                            <a href=\"#\" target=\"_blank\"><i class=\"\"><\/i><\/a>\r\n                                                                            <a href=\"\" target=\"_blank\"><i class=\"\"><\/i><\/a>\r\n                                                                <\/div>\r\n                            <div class=\"item--position\">Sales Director, Menko Holding<\/div>\r\n                        <\/div>\r\n                   <\/div>\r\n                <\/div>\r\n                            <div class=\"grid-item col-xl-4 col-lg-4 col-md-6 col-sm-6 col-12\">\r\n                    <div class=\"item--inner wow fadeInUp\">\r\n                                                    <div class=\"item--image\">\r\n                                <div class=\"item--desc\">Logistics Manager, Menko Holding <\/div>\r\n                                <img loading=\"lazy\" decoding=\"async\" class=\"disable-lazy\" src=\"https:\/\/menko-holding.com\/wp-content\/uploads\/2025\/06\/marie-claude.jpg\" width=\"350\" height=\"350\" alt=\"ANNEY MARIE CLAUDE\" title=\"marie-claude\" \/>                                <a ><\/a>\r\n                            <\/div>\r\n                                                <h3 class=\"item--title\">    \r\n                            Mme ANNEY MARIE CLAUDE                        <\/h3>\r\n                        <div class=\"item--holder\">\r\n                            <div class=\"item--social\">\r\n                                                            <\/div>\r\n                            <div class=\"item--position\">Logistics Manager, Menko Holding <\/div>\r\n                        <\/div>\r\n                   <\/div>\r\n                <\/div>\r\n                        <div class=\"grid-sizer col-xl-4 col-lg-4 col-md-6 col-sm-6 col-12\"><\/div>\r\n        <\/div>\r\n    <\/div>\r\n\t\t\t\t<\/div>\n\t\t\t\t<\/div>\n\t\t            <\/div>\n        <\/div>\n                    <\/div>\n        <\/section>\n        \t\t<\/div>","protected":false},"excerpt":{"rendered":"<p>Notre \u00e9quipe Nous travaillons toujours avec une \u00e9quipe formidable. Directeur G\u00e9n\u00e9rale Menko Holding MENAN Adolphe Amalaman Directeur G\u00e9n\u00e9rale Menko Holding G\u00e9rante Menko Agro Mme KONAN SABINE \u00e9pse BROU G\u00e9rante Menko Agro G\u00e9rante de Menko Digitech Mlle KOUADIANE MARIE DOMINIQUE G\u00e9rante de Menko Digitech G\u00e9rante Menko Building Mme KOUASSI VICTOIRE \u00e9pse ADOUENI G\u00e9rante Menko Building Responsable [&hellip;]<\/p>","protected":false},"author":1,"featured_media":0,"parent":0,"menu_order":0,"comment_status":"closed","ping_status":"closed","template":"","meta":{"footnotes":""},"class_list":["post-3518","page","type-page","status-publish","hentry"],"aioseo_notices":[],"_links":{"self":[{"href":"https:\/\/menko-holding.com\/en\/wp-json\/wp\/v2\/pages\/3518","targetHints":{"allow":["GET"]}}],"collection":[{"href":"https:\/\/menko-holding.com\/en\/wp-json\/wp\/v2\/pages"}],"about":[{"href":"https:\/\/menko-holding.com\/en\/wp-json\/wp\/v2\/types\/page"}],"author":[{"embeddable":true,"href":"https:\/\/menko-holding.com\/en\/wp-json\/wp\/v2\/users\/1"}],"replies":[{"embeddable":true,"href":"https:\/\/menko-holding.com\/en\/wp-json\/wp\/v2\/comments?post=3518"}],"version-history":[{"count":121,"href":"https:\/\/menko-holding.com\/en\/wp-json\/wp\/v2\/pages\/3518\/revisions"}],"predecessor-version":[{"id":5550,"href":"https:\/\/menko-holding.com\/en\/wp-json\/wp\/v2\/pages\/3518\/revisions\/5550"}],"wp:attachment":[{"href":"https:\/\/menko-holding.com\/en\/wp-json\/wp\/v2\/media?parent=3518"}],"curies":[{"name":"wp","href":"https:\/\/api.w.org\/{rel}","templated":true}]}}