{"id":3491,"date":"2020-02-07T02:16:32","date_gmt":"2020-02-07T02:16:32","guid":{"rendered":"https:\/\/demo.casethemes.net\/consultio-corporate2\/?page_id=3491"},"modified":"2025-06-06T13:22:00","modified_gmt":"2025-06-06T13:22:00","slug":"presentation-de-la-holding","status":"publish","type":"page","link":"https:\/\/menko-holding.com\/en\/presentation-de-la-holding\/","title":{"rendered":"Presentation of the Holding"},"content":{"rendered":"<div data-elementor-type=\"wp-page\" data-elementor-id=\"3491\" class=\"elementor elementor-3491\">\n\t\t\t\t        <section class=\"elementor-section elementor-top-section elementor-element elementor-element-40fd8216 elementor-section-boxed elementor-section-height-default elementor-section-height-default ct-header-fixed-none ct-row-max-none\" data-id=\"40fd8216\" data-element_type=\"section\">\n            \n                        <div class=\"elementor-container elementor-column-gap-extended\">\n                    <div class=\"elementor-column elementor-col-50 elementor-top-column elementor-element elementor-element-2a114ffb\" data-id=\"2a114ffb\" data-element_type=\"column\">\n        <div class=\"elementor-widget-wrap elementor-element-populated\">\n                    \n        \r\n\t\t<div class=\"elementor-element elementor-element-e7c34af elementor-widget elementor-widget-ct_heading\" data-id=\"e7c34af\" data-element_type=\"widget\" data-widget_type=\"ct_heading.default\">\n\t\t\t\t<div class=\"elementor-widget-container\">\n\t\t\t\t\t<div id=\"ct_heading-e7c34af\" class=\"ct-heading h-align- sub-style2 ct-heading-left item-st-default\">\r\n    <div class=\"ct-item--inner\">\r\n        <div class=\"ct-inline-css\" data-css=\"            \">\r\n        <\/div>\r\n                    <div class=\"item--sub-title style2 show-line\">\r\n                                                                Holding                                                                            <\/div>\r\n                <h3 class=\"item--title st-default wow wow fadeInUp\" data-wow-delay=\"ms\">\r\n                        <span class=\"sp-main\">\r\n                \r\n                Innovation at the heart of our commitment.\r\n                \r\n                            <\/span>\r\n                    <\/h3>\r\n    <\/div>\r\n<\/div>\t\t\t\t<\/div>\n\t\t\t\t<\/div>\n\t\t\t\t<div class=\"elementor-element elementor-element-10df5e6a wow fadeInUp elementor-widget elementor-widget-text-editor\" data-id=\"10df5e6a\" data-element_type=\"widget\" data-widget_type=\"text-editor.default\">\n\t\t\t\t<div class=\"elementor-widget-container\">\n\t\t\t\t\t\t\t\t\t<p><strong>Menko Holding SA<\/strong> is a multi-sector company based in Abidjan, Angr\u00e9 Star 5. Involved in several key sectors of the Ivorian economy, it stands out for its expertise, dynamism and ambition to offer innovative, sustainable solutions.\u00a0<\/p>\t\t\t\t\t\t\t\t<\/div>\n\t\t\t\t<\/div>\n\t\t        <section class=\"elementor-section elementor-inner-section elementor-element elementor-element-6638bf3 elementor-section-boxed elementor-section-height-default elementor-section-height-default ct-header-fixed-none ct-row-max-none\" data-id=\"6638bf3\" data-element_type=\"section\">\n            \n                        <div class=\"elementor-container elementor-column-gap-extended\">\n                    <div class=\"elementor-column elementor-col-33 elementor-inner-column elementor-element elementor-element-36029746\" data-id=\"36029746\" data-element_type=\"column\">\n        <div class=\"elementor-widget-wrap elementor-element-populated\">\n                    \n        \t\t<div class=\"elementor-element elementor-element-721a687f elementor-widget elementor-widget-ct_piecharts\" data-id=\"721a687f\" data-element_type=\"widget\" data-widget_type=\"ct_piecharts.default\">\n\t\t\t\t<div class=\"elementor-widget-container\">\n\t\t\t\t\t<div class=\"ct-piechart ct-piechart-layout1 style2 wow fadeInUp\">\n    <div class=\"item--value percentage\" style=\"min-height: 132px;\" data-size=\"132\" data-bar-color=\"#c1282a\" data-track-color=\"#E4EAEE\" data-line-width=\"10\" data-percent=\"-95\">\n        <span>95%<\/span>\n    <\/div>\n    <h3 class=\"item--title\">Multisector<br\/> Expertise<\/h3>\n    <div class=\"item--desc\"><\/div>\n<\/div>\t\t\t\t<\/div>\n\t\t\t\t<\/div>\n\t\t            <\/div>\n        <\/div>\n                <div class=\"elementor-column elementor-col-33 elementor-inner-column elementor-element elementor-element-2500a52d\" data-id=\"2500a52d\" data-element_type=\"column\">\n        <div class=\"elementor-widget-wrap elementor-element-populated\">\n                    \n        \t\t<div class=\"elementor-element elementor-element-407fce4e elementor-widget elementor-widget-ct_piecharts\" data-id=\"407fce4e\" data-element_type=\"widget\" data-widget_type=\"ct_piecharts.default\">\n\t\t\t\t<div class=\"elementor-widget-container\">\n\t\t\t\t\t<div class=\"ct-piechart ct-piechart-layout1 style2 wow fadeInUp\">\n    <div class=\"item--value percentage\" style=\"min-height: 132px;\" data-size=\"132\" data-bar-color=\"#c1282a\" data-track-color=\"#E4EAEE\" data-line-width=\"10\" data-percent=\"-90\">\n        <span>90%<\/span>\n    <\/div>\n    <h3 class=\"item--title\">Continuous<br\/> Innovation<\/h3>\n    <div class=\"item--desc\"><\/div>\n<\/div>\t\t\t\t<\/div>\n\t\t\t\t<\/div>\n\t\t            <\/div>\n        <\/div>\n                <div class=\"elementor-column elementor-col-33 elementor-inner-column elementor-element elementor-element-63dd35a3\" data-id=\"63dd35a3\" data-element_type=\"column\">\n        <div class=\"elementor-widget-wrap elementor-element-populated\">\n                    \n        \t\t<div class=\"elementor-element elementor-element-50076466 elementor-widget elementor-widget-ct_piecharts\" data-id=\"50076466\" data-element_type=\"widget\" data-widget_type=\"ct_piecharts.default\">\n\t\t\t\t<div class=\"elementor-widget-container\">\n\t\t\t\t\t<div class=\"ct-piechart ct-piechart-layout1 style2 wow fadeInUp\">\n    <div class=\"item--value percentage\" style=\"min-height: 132px;\" data-size=\"132\" data-bar-color=\"#c1282a\" data-track-color=\"#E4EAEE\" data-line-width=\"10\" data-percent=\"-92\">\n        <span>92%<\/span>\n    <\/div>\n    <h3 class=\"item--title\">Social<br\/> Commitment<\/h3>\n    <div class=\"item--desc\"><\/div>\n<\/div>\t\t\t\t<\/div>\n\t\t\t\t<\/div>\n\t\t            <\/div>\n        <\/div>\n                    <\/div>\n        <\/section>\n                    <\/div>\n        <\/div>\n                <div class=\"elementor-column elementor-col-50 elementor-top-column elementor-element elementor-element-431858c4\" data-id=\"431858c4\" data-element_type=\"column\">\n        <div class=\"elementor-widget-wrap elementor-element-populated\">\n                    \n        \t\t<div class=\"elementor-element elementor-element-160cdc54 wow fadeInRight elementor-widget elementor-widget-image\" data-id=\"160cdc54\" data-element_type=\"widget\" data-widget_type=\"image.default\">\n\t\t\t\t<div class=\"elementor-widget-container\">\n\t\t\t\t\t\t\t\t\t\t\t\t\t\t\t<img fetchpriority=\"high\" decoding=\"async\" width=\"558\" height=\"524\" src=\"https:\/\/menko-holding.com\/wp-content\/uploads\/2025\/06\/vision2.jpg\" class=\"attachment-full size-full wp-image-4993\" alt=\"\" srcset=\"https:\/\/menko-holding.com\/wp-content\/uploads\/2025\/06\/vision2.jpg 558w, https:\/\/menko-holding.com\/wp-content\/uploads\/2025\/06\/vision2-300x282.jpg 300w\" sizes=\"(max-width: 558px) 100vw, 558px\" \/>\t\t\t\t\t\t\t\t\t\t\t\t\t\t\t<\/div>\n\t\t\t\t<\/div>\n\t\t            <\/div>\n        <\/div>\n                    <\/div>\n        <\/section>\n                <section class=\"elementor-section elementor-top-section elementor-element elementor-element-171ee9f elementor-section-boxed elementor-section-height-default elementor-section-height-default ct-header-fixed-none ct-row-max-none\" data-id=\"171ee9f\" data-element_type=\"section\">\n            \n                        <div class=\"elementor-container elementor-column-gap-extended\">\n                    <div class=\"elementor-column elementor-col-50 elementor-top-column elementor-element elementor-element-6fe7d12\" data-id=\"6fe7d12\" data-element_type=\"column\">\n        <div class=\"elementor-widget-wrap elementor-element-populated\">\n                    \n        \t\t<div class=\"elementor-element elementor-element-c28f989 wow fadeInRight elementor-widget elementor-widget-image\" data-id=\"c28f989\" data-element_type=\"widget\" data-widget_type=\"image.default\">\n\t\t\t\t<div class=\"elementor-widget-container\">\n\t\t\t\t\t\t\t\t\t\t\t\t\t\t\t<img decoding=\"async\" width=\"558\" height=\"524\" src=\"https:\/\/menko-holding.com\/wp-content\/uploads\/2025\/06\/engage2.jpg\" class=\"attachment-full size-full wp-image-5042\" alt=\"\" srcset=\"https:\/\/menko-holding.com\/wp-content\/uploads\/2025\/06\/engage2.jpg 558w, https:\/\/menko-holding.com\/wp-content\/uploads\/2025\/06\/engage2-300x282.jpg 300w\" sizes=\"(max-width: 558px) 100vw, 558px\" \/>\t\t\t\t\t\t\t\t\t\t\t\t\t\t\t<\/div>\n\t\t\t\t<\/div>\n\t\t            <\/div>\n        <\/div>\n                <div class=\"elementor-column elementor-col-50 elementor-top-column elementor-element elementor-element-3fbcd88\" data-id=\"3fbcd88\" data-element_type=\"column\">\n        <div class=\"elementor-widget-wrap elementor-element-populated\">\n                    \n        \t\t<div class=\"elementor-element elementor-element-bb3bb74 wow fadeInUp elementor-widget elementor-widget-text-editor\" data-id=\"bb3bb74\" data-element_type=\"widget\" data-widget_type=\"text-editor.default\">\n\t\t\t\t<div class=\"elementor-widget-container\">\n\t\t\t\t\t\t\t\t\t<p><strong>OUR VISION<\/strong> : Our vision is to become a benchmark player in the urban development, construction, agriculture and technology sectors, providing sustainable, innovative solutions that are accessible to all.<\/p><p><strong>OUR MISSION<\/strong> : MENKO HOLDING's mission is to design, develop and manage high value-added projects in the real estate, construction, agriculture and digital sectors.<\/p><p><strong>OUR VALUES<\/strong> : MENKO HOLDING's actions and strategic choices are based on a foundation of strong values that guide our daily work and inspire our commitment to our partners, employees and the communities we serve.<\/p>\t\t\t\t\t\t\t\t<\/div>\n\t\t\t\t<\/div>\n\t\t            <\/div>\n        <\/div>\n                    <\/div>\n        <\/section>\n        \t\t<\/div>","protected":false},"excerpt":{"rendered":"<p>Holding L\u2019innovation au c\u0153ur de notre engagement. Menko Holding SA est une entreprise multi-sectorielle bas\u00e9e \u00e0 Abidjan, Angr\u00e9 Star 5. Engag\u00e9e dans plusieurs secteurs cl\u00e9s de l\u2019\u00e9conomie ivoirienne, elle se distingue par son expertise, son dynamisme et son ambition de proposer des solutions innovantes et durables.\u00a0 95% Expertise Multisectorielle 90% Innovation Continue 92% Engagement Social [&hellip;]<\/p>","protected":false},"author":1,"featured_media":0,"parent":0,"menu_order":0,"comment_status":"closed","ping_status":"closed","template":"","meta":{"footnotes":""},"class_list":["post-3491","page","type-page","status-publish","hentry"],"aioseo_notices":[],"_links":{"self":[{"href":"https:\/\/menko-holding.com\/en\/wp-json\/wp\/v2\/pages\/3491","targetHints":{"allow":["GET"]}}],"collection":[{"href":"https:\/\/menko-holding.com\/en\/wp-json\/wp\/v2\/pages"}],"about":[{"href":"https:\/\/menko-holding.com\/en\/wp-json\/wp\/v2\/types\/page"}],"author":[{"embeddable":true,"href":"https:\/\/menko-holding.com\/en\/wp-json\/wp\/v2\/users\/1"}],"replies":[{"embeddable":true,"href":"https:\/\/menko-holding.com\/en\/wp-json\/wp\/v2\/comments?post=3491"}],"version-history":[{"count":47,"href":"https:\/\/menko-holding.com\/en\/wp-json\/wp\/v2\/pages\/3491\/revisions"}],"predecessor-version":[{"id":5045,"href":"https:\/\/menko-holding.com\/en\/wp-json\/wp\/v2\/pages\/3491\/revisions\/5045"}],"wp:attachment":[{"href":"https:\/\/menko-holding.com\/en\/wp-json\/wp\/v2\/media?parent=3491"}],"curies":[{"name":"wp","href":"https:\/\/api.w.org\/{rel}","templated":true}]}}